{"id":3,"date":"2024-11-30T12:11:32","date_gmt":"2024-11-30T11:11:32","guid":{"rendered":"https:\/\/verein-musik-zug.ch.sora.ch-meta.net\/music-on-tour\/?page_id=3"},"modified":"2025-02-09T15:21:36","modified_gmt":"2025-02-09T14:21:36","slug":"datenschutzerklaerung","status":"publish","type":"page","link":"https:\/\/musikzug.ch\/musicontour\/datenschutzerklaerung\/","title":{"rendered":"Datenschutzerkl\u00e4rung"},"content":{"rendered":"\t\t<div data-elementor-type=\"wp-page\" data-elementor-id=\"3\" class=\"elementor elementor-3\" data-elementor-post-type=\"page\">\n\t\t\t\t<div class=\"elementor-element elementor-element-8d0d0b4 e-flex e-con-boxed e-con e-child\" data-id=\"8d0d0b4\" data-element_type=\"container\">\n\t\t\t\t\t<div class=\"e-con-inner\">\n\t\t\t\t<div class=\"elementor-element elementor-element-e27b8f8 elementor-widget elementor-widget-heading\" data-id=\"e27b8f8\" data-element_type=\"widget\" data-widget_type=\"heading.default\">\n\t\t\t\t<div class=\"elementor-widget-container\">\n\t\t\t\t\t<h1 class=\"elementor-heading-title elementor-size-default\">Datenschutzerkl\u00e4rung<\/h1>\t\t\t\t<\/div>\n\t\t\t\t<\/div>\n\t\t\t\t<div class=\"elementor-element elementor-element-bdf277c elementor-widget elementor-widget-spacer\" data-id=\"bdf277c\" data-element_type=\"widget\" data-widget_type=\"spacer.default\">\n\t\t\t\t<div class=\"elementor-widget-container\">\n\t\t\t\t\t\t\t<div class=\"elementor-spacer\">\n\t\t\t<div class=\"elementor-spacer-inner\"><\/div>\n\t\t<\/div>\n\t\t\t\t\t\t<\/div>\n\t\t\t\t<\/div>\n\t\t\t\t<div class=\"elementor-element elementor-element-9736af7 elementor-widget elementor-widget-text-editor\" data-id=\"9736af7\" data-element_type=\"widget\" data-widget_type=\"text-editor.default\">\n\t\t\t\t<div class=\"elementor-widget-container\">\n\t\t\t\t\t\t\t\t\t<h6>1. Grundsatz<\/h6>\n<p>Der Schutz Ihrer Privatsph\u00e4re ist uns ein wichtiges Anliegen. Mit der folgenden Datenschutzerkl\u00e4rung erl\u00e4utern wir Ihnen, welche Personendaten wir von Ihnen zu welchem Zweck bearbeiten, wenn Sie unsere Website besuchen oder einen Kurs bei uns buchen.<\/p>\n<h6>2. Verantwortliche Person<\/h6>\n<p>Verantwortlich f\u00fcr die Einhaltung der geltenden Datenschutzbestimmungen ist: Deborah Annema, Zug<\/p>\n<h6>3. Bearbeitung von Personendaten<\/h6>\n<p>Wir bearbeiten diejenigen Personendaten, die Sie uns zur Verf\u00fcgung stellen zu internen Zwecken. In diesem Rahmen bearbeiten wir insbesondere Angaben, die Sie uns selbst bei der Kontaktaufnahme (beispielsweise per Briefpost, E-Mail, Kontaktformular oder Telefon) freiwillig \u00fcbermitteln.<\/p>\n<h6>4. Personendaten von Dritten<\/h6>\n<p>Sofern Sie Personendaten von Dritten an uns \u00fcbermitteln, sind Sie verpflichtet, den Datenschutz gegen\u00fcber den Dritten zu gew\u00e4hrleisten sowie die Richtigkeit der Personendaten sicherzustellen.<\/p>\n<h6>5. Bearbeitung von Personendaten durch Dritte<\/h6>\n<p>Wir k\u00f6nnen Personendaten durch beauftragte Dritte bearbeiten lassen oder gemeinsam mit Dritten sowie mit Hilfe von Dritten bearbeiten oder an Dritte \u00fcbermitteln. Bei den Dritten handelt es sich um Anbieter, deren Leistungen wir in Anspruch nehmen. Wir gew\u00e4hrleisten auch bei solchen Dritten einen angemessenen Datenschutz.<\/p>\n<h6>6. Datensicherheit<\/h6>\n<p>Wir treffen angemessene und geeignete technische und organisatorische Massnahmen, um den Datenschutz und insbesondere die Datensicherheit zu gew\u00e4hrleisten.<\/p>\n<h6>7. Nutzung der Website (Cookies und Server-Logdateien)<\/h6>\n<p>Wir k\u00f6nnen Cookies f\u00fcr unsere Website verwenden. Bei Cookies \u2013 bei eigenen Cookies (First-Party-Cookies) als auch bei Cookies von Dritten, deren Dienste wir nutzen (Third-Party-Cookies) \u2013 handelt es sich um Daten, die in Ihrem Browser gespeichert werden. Solche gespeicherten Daten m\u00fcssen nicht auf traditionelle Cookies in Textform beschr\u00e4nkt sein.<\/p>\n<p>Cookies k\u00f6nnen beim Besuch unserer Website in Ihrem Browser tempor\u00e4r als \u00abSession Cookies\u00bb oder f\u00fcr einen bestimmten Zeitraum als sogenannte permanente Cookies gespeichert werden. \u00abSession Cookies\u00bb werden automatisch gel\u00f6scht, wenn Sie Ihren Browser schliessen. Permanente Cookies haben eine bestimmte Speicherdauer. Sie erm\u00f6glichen insbesondere, Ihren Browser beim n\u00e4chsten Besuch unserer Website wiederzuerkennen und dadurch beispielsweise die Reichweite unserer Website zu messen. Permanente Cookies k\u00f6nnen auch f\u00fcr Online-Marketing verwendet werden. <br \/>Sie k\u00f6nnen Cookies in Ihren Browser-Einstellungen jederzeit ganz oder teilweise deaktivieren sowie l\u00f6schen.<\/p>\n<p>Wir k\u00f6nnen f\u00fcr jeden Zugriff auf unsere Website nachfolgende Angaben erfassen, sofern diese von Ihrem Browser an unsere Server-Infrastruktur \u00fcbermittelt werden oder von unserem Webserver ermittelt werden k\u00f6nnen: Datum und Zeit einschliesslich Zeitzone, IP-Adresse, Zugriffsstatur. Betriebssystem einschliesslich Benutzeroberfl\u00e4che und Version, Browser einschliesslich Sprache und Version, aufgerufene einzelne Unter-Seite unserer Website einschliesslich \u00fcbertragener Datenmenge, schliesslich im gleichen Browser-Fenster aufgerufene Website.<\/p>\n<p>Wir speichern solche Angaben, die auch Personendaten darstellen k\u00f6nnen, in Server-Logdateien. Die Angaben sind erforderlich, um unser Online-Angebot dauerhaft, nutzerfreundlich und zuverl\u00e4ssig bereitstellen sowie um die Datensicherheit und damit insbesondere den Schutz von Personendaten sicherstellen zu k\u00f6nnen \u2013 auch durch Dritte oder mit Hilfe von Dritten.<\/p>\n<h6>8. Benachrichtigungen und Mitteilungen<\/h6>\n<p>Wir versenden Benachrichtigungen und Mitteilungen per E-Mail.<\/p>\n<h6>9. Schlussbestimmungen<\/h6>\n<p>Wir k\u00f6nnen diese Datenschutzerkl\u00e4rung jederzeit anpassen und erg\u00e4nzen. Wir werden \u00fcber solche Anpassungen und Erg\u00e4nzungen in geeigneter Form informieren, insbesondere durch Ver\u00f6ffentlichung der jeweils aktuellen Datenschutzerkl\u00e4rung auf unserer Website.<\/p>\t\t\t\t\t\t\t\t<\/div>\n\t\t\t\t<\/div>\n\t\t\t\t\t<\/div>\n\t\t\t\t<\/div>\n\t\t\t\t<\/div>\n\t\t","protected":false},"excerpt":{"rendered":"<p>Datenschutzerkl\u00e4rung 1. Grundsatz Der Schutz Ihrer Privatsph\u00e4re ist uns ein wichtiges Anliegen. Mit der folgenden Datenschutzerkl\u00e4rung erl\u00e4utern wir Ihnen, welche Personendaten wir von Ihnen zu welchem Zweck bearbeiten, wenn Sie unsere Website besuchen oder einen Kurs bei uns buchen. 2. Verantwortliche Person Verantwortlich f\u00fcr die Einhaltung der geltenden Datenschutzbestimmungen ist: Deborah Annema, Zug 3. Bearbeitung [&hellip;]<\/p>\n","protected":false},"author":1,"featured_media":0,"parent":0,"menu_order":0,"comment_status":"closed","ping_status":"open","template":"elementor_header_footer","meta":{"inline_featured_image":false,"footnotes":""},"class_list":["post-3","page","type-page","status-publish","hentry"],"_links":{"self":[{"href":"https:\/\/musikzug.ch\/musicontour\/wp-json\/wp\/v2\/pages\/3","targetHints":{"allow":["GET"]}}],"collection":[{"href":"https:\/\/musikzug.ch\/musicontour\/wp-json\/wp\/v2\/pages"}],"about":[{"href":"https:\/\/musikzug.ch\/musicontour\/wp-json\/wp\/v2\/types\/page"}],"author":[{"embeddable":true,"href":"https:\/\/musikzug.ch\/musicontour\/wp-json\/wp\/v2\/users\/1"}],"replies":[{"embeddable":true,"href":"https:\/\/musikzug.ch\/musicontour\/wp-json\/wp\/v2\/comments?post=3"}],"version-history":[{"count":13,"href":"https:\/\/musikzug.ch\/musicontour\/wp-json\/wp\/v2\/pages\/3\/revisions"}],"predecessor-version":[{"id":510,"href":"https:\/\/musikzug.ch\/musicontour\/wp-json\/wp\/v2\/pages\/3\/revisions\/510"}],"wp:attachment":[{"href":"https:\/\/musikzug.ch\/musicontour\/wp-json\/wp\/v2\/media?parent=3"}],"curies":[{"name":"wp","href":"https:\/\/api.w.org\/{rel}","templated":true}]}}